{"id":22,"date":"2022-10-29T15:28:36","date_gmt":"2022-10-29T13:28:36","guid":{"rendered":"https:\/\/mongesteminceur.fr\/?page_id=22"},"modified":"2023-04-02T20:45:22","modified_gmt":"2023-04-02T18:45:22","slug":"prestations-minceur-acupression-et-drainage-lymphatique-acupression","status":"publish","type":"page","link":"https:\/\/mongesteminceur.fr\/?page_id=22","title":{"rendered":"Acupression pour la perte de poids"},"content":{"rendered":"\n<p class=\"wp-block-paragraph\"><\/p>\n\n\n\n<p class=\"wp-block-paragraph\">L&rsquo;acupression est une m\u00e9thode ancienne de gu\u00e9rison naturelle qui utilise la pression des doigts pour stimuler les points d&rsquo;acupuncture du corps. <\/p>\n\n\n\n<p class=\"wp-block-paragraph\">Chez MonGesteMinceur, je vous offre des programmes d&rsquo;acupression pour vous aider \u00e0 perdre du poids de mani\u00e8re naturelle et saine. L&rsquo;acupression peut aider \u00e0 stimuler le m\u00e9tabolisme, \u00e0 r\u00e9duire l&rsquo;app\u00e9tit, \u00e0 \u00e9quilibrer les hormones et \u00e0 am\u00e9liorer la digestion.<\/p>\n\n\n\n<h2 class=\"wp-block-heading\">Comment se d\u00e9roule une s\u00e9ance  ? <\/h2>\n\n\n\n<p class=\"wp-block-paragraph\">Les s\u00e9ances se d\u00e9roulent sur une table de soin, en tenue vestimentaire r\u00e9duite ou non selon votre aise.<\/p>\n\n\n\n<p class=\"wp-block-paragraph\">Je vous propose une dur\u00e9e de s\u00e9ance variable selon les r\u00e9sultats recherch\u00e9s, pouvant varier de  25 \u00e0 40 minutes.<\/p>\n\n\n\n<h2 class=\"wp-block-heading\">Les avantages de l&rsquo;acupression<\/h2>\n\n\n\n<p class=\"wp-block-paragraph\">L&rsquo;acupression est une m\u00e9thode naturelle et sans danger qui peut \u00eatre utilis\u00e9e en conjonction avec un programme de perte de poids pour am\u00e9liorer les r\u00e9sultats. <\/p>\n\n\n\n<p class=\"wp-block-paragraph\">Elle aide \u00e0 stimuler la circulation sanguine, \u00e0 r\u00e9duire les niveaux de stress, \u00e0 am\u00e9liorer la qualit\u00e9 du sommeil et \u00e0 r\u00e9duire l&rsquo;inflammation. L&rsquo;acupression peut \u00e9galement aider \u00e0 soulager les douleurs et les tensions nerveuses, rendant l&rsquo;exercice plus facile et agr\u00e9able.<\/p>\n\n\n\n<p class=\"wp-block-paragraph\">L&rsquo;acupression peut avoir plusieurs effets b\u00e9n\u00e9fiques sur le corps, notamment une r\u00e9duction des tensions nerveuses, une diminution de la sensation de faim gr\u00e2ce \u00e0 la lib\u00e9ration de la leptine, une stimulation de la m\u00e9latonine pour am\u00e9liorer la qualit\u00e9 du sommeil, ainsi qu&rsquo;une optimisation des fonctions m\u00e9taboliques et du syst\u00e8me lymphatique, ce qui peut aider \u00e0 destocker les cellules graisseuses.<\/p>\n\n\n\n<p class=\"wp-block-paragraph\">Gr\u00e2ce \u00e0 l&rsquo;acupression, les fonctions m\u00e9taboliques peuvent \u00eatre r\u00e9\u00e9quilibr\u00e9es, entra\u00eenant une perte de poids et un amincissement des zones corporelles o\u00f9 la cellulite est concentr\u00e9e, telles que le haut des cuisses, les cuisses, le ventre et le dos. Apr\u00e8s quelques s\u00e9ances, vous pourrez constater ces effets b\u00e9n\u00e9fiques sur votre corps.<\/p>\n\n\n\n<p class=\"wp-block-paragraph\">La perte de poids n&rsquo;est pas le seul ph\u00e9nom\u00e8ne que l&rsquo;on constate pour ceux qui b\u00e9n\u00e9ficient de s\u00e9ance d&rsquo;acupression. La confiance en soi, l&rsquo;estime de soi est \u00e9galement \u00e0 porter au cr\u00e9dit des am\u00e9liorations. En effet la r\u00e9duction des tensions nerveuses permet de lib\u00e9rer les endorphines , v\u00e9ritable hormone de plaisir. Sous l&rsquo;effet apaisant et bienfaiteur des ces substances que s\u00e9cr\u00e8te votre cerveau, vous retrouverez rapidement confiance en vous. Et cet \u00e9tat psychologue de \u00ab\u00a0d\u00e9tente\u00a0\u00bbva faciliter un m\u00e9tabolisme favorable \u00e0 la perte de poids.<\/p>\n\n\n\n<h2 class=\"wp-block-heading\">N&rsquo;oubliez pas de bien manger !<\/h2>\n\n\n\n<p class=\"wp-block-paragraph\">L&rsquo;acupression est une technique sans douleur, totalement non invasive et  naturelle qui vous permettra de perdre du poids et de transformer votre silhouette. En revanche, il est important de l&rsquo;accompagner d&rsquo;un r\u00e9\u00e9quilibrage alimentaire pour plus d&rsquo;efficacit\u00e9. <\/p>\n\n\n\n<p class=\"wp-block-paragraph\">Pour conclure, si vous cherchez une m\u00e9thode naturelle et sans danger pour perdre du poids, l&rsquo;acupression chez MonGesteMinceur peut \u00eatre une option int\u00e9ressante pour vous. Mes programmes sont con\u00e7us pour vous aider \u00e0 atteindre vos objectifs de perte de poids de mani\u00e8re saine et durable. <\/p>\n\n\n\n<p class=\"wp-block-paragraph\">Contactez-moi par t\u00e9l\u00e9phone d\u00e8s aujourd&rsquo;hui pour en savoir plus sur mes services d&rsquo;acupression au 06.99.41.80.52 ou prenez rendez-vous en ligne <a href=\"https:\/\/mongesteminceur.fr\/prendre-rendez-vous\/\">ici<\/a>. <\/p>\n\n\n\n<figure class=\"wp-block-image size-full is-resized\"><img data-recalc-dims=\"1\" loading=\"lazy\" decoding=\"async\" data-attachment-id=\"49\" data-permalink=\"https:\/\/mongesteminceur.fr\/?attachment_id=49\" data-orig-file=\"https:\/\/i0.wp.com\/mongesteminceur.fr\/wp-content\/uploads\/2022\/10\/image_3.jpeg?fit=800%2C566&amp;ssl=1\" data-orig-size=\"800,566\" data-comments-opened=\"1\" data-image-meta=\"{&quot;aperture&quot;:&quot;0&quot;,&quot;credit&quot;:&quot;&quot;,&quot;camera&quot;:&quot;&quot;,&quot;caption&quot;:&quot;&quot;,&quot;created_timestamp&quot;:&quot;0&quot;,&quot;copyright&quot;:&quot;&quot;,&quot;focal_length&quot;:&quot;0&quot;,&quot;iso&quot;:&quot;0&quot;,&quot;shutter_speed&quot;:&quot;0&quot;,&quot;title&quot;:&quot;&quot;,&quot;orientation&quot;:&quot;0&quot;}\" data-image-title=\"acupression\" data-image-description=\"\" data-image-caption=\"\" data-large-file=\"https:\/\/i0.wp.com\/mongesteminceur.fr\/wp-content\/uploads\/2022\/10\/image_3.jpeg?fit=525%2C371&amp;ssl=1\" src=\"https:\/\/i0.wp.com\/mongesteminceur.fr\/wp-content\/uploads\/2022\/10\/image_3.jpeg?resize=525%2C371&#038;ssl=1\" alt=\"acupression\" class=\"wp-image-49\" width=\"525\" height=\"371\" srcset=\"https:\/\/i0.wp.com\/mongesteminceur.fr\/wp-content\/uploads\/2022\/10\/image_3.jpeg?w=800&amp;ssl=1 800w, https:\/\/i0.wp.com\/mongesteminceur.fr\/wp-content\/uploads\/2022\/10\/image_3.jpeg?resize=300%2C211&amp;ssl=1 300w, https:\/\/i0.wp.com\/mongesteminceur.fr\/wp-content\/uploads\/2022\/10\/image_3.jpeg?resize=768%2C543&amp;ssl=1 768w, https:\/\/i0.wp.com\/mongesteminceur.fr\/wp-content\/uploads\/2022\/10\/image_3.jpeg?resize=280%2C197&amp;ssl=1 280w\" sizes=\"auto, (max-width: 706px) 89vw, (max-width: 767px) 82vw, 740px\" \/><\/figure>\n\n\n\n<p class=\"has-text-align-center wp-block-paragraph\"><\/p>\n","protected":false},"excerpt":{"rendered":"<p>L&rsquo;acupression est une m\u00e9thode ancienne de gu\u00e9rison naturelle qui utilise la pression des doigts pour stimuler les points d&rsquo;acupuncture du corps. Chez MonGesteMinceur, je vous offre des programmes d&rsquo;acupression pour vous aider \u00e0 perdre du poids de mani\u00e8re naturelle et saine. L&rsquo;acupression peut aider \u00e0 stimuler le m\u00e9tabolisme, \u00e0 r\u00e9duire l&rsquo;app\u00e9tit, \u00e0 \u00e9quilibrer les hormones &hellip; <\/p>\n<p class=\"link-more\"><a href=\"https:\/\/mongesteminceur.fr\/?page_id=22\" class=\"more-link\">Continuer la lecture<span class=\"screen-reader-text\"> de &laquo;&nbsp;Acupression pour la perte de poids&nbsp;&raquo;<\/span><\/a><\/p>\n","protected":false},"author":226630613,"featured_media":0,"parent":103,"menu_order":2,"comment_status":"closed","ping_status":"closed","template":"","meta":{"_crdt_document":"","footnotes":""},"class_list":["post-22","page","type-page","status-publish","hentry"],"yoast_head":"<!-- This site is optimized with the Yoast SEO plugin v27.5 - https:\/\/yoast.com\/product\/yoast-seo-wordpress\/ -->\n<title>Acupression pour la perte de poids - Mongesteminceur<\/title>\n<meta name=\"description\" content=\"Essayez l&#039;acupression chez MongesteMinceur pour diminuer votre sensation de faim et favoriser la perte de poids. Lib\u00e9rez la leptine, l&#039;hormone de la sati\u00e9t\u00e9, et stimulez la m\u00e9latonine pour am\u00e9liorer votre sommeil.\" \/>\n<meta name=\"robots\" content=\"index, follow, max-snippet:-1, max-image-preview:large, max-video-preview:-1\" \/>\n<link rel=\"canonical\" href=\"https:\/\/mongesteminceur.fr\/?page_id=22\" \/>\n<meta property=\"og:locale\" content=\"fr_FR\" \/>\n<meta property=\"og:type\" content=\"article\" \/>\n<meta property=\"og:title\" content=\"Acupression pour la perte de poids - Mongesteminceur\" \/>\n<meta property=\"og:description\" content=\"Essayez l&#039;acupression chez MongesteMinceur pour diminuer votre sensation de faim et favoriser la perte de poids. Lib\u00e9rez la leptine, l&#039;hormone de la sati\u00e9t\u00e9, et stimulez la m\u00e9latonine pour am\u00e9liorer votre sommeil.\" \/>\n<meta property=\"og:url\" content=\"https:\/\/mongesteminceur.fr\/?page_id=22\" \/>\n<meta property=\"og:site_name\" content=\"Mongesteminceur\" \/>\n<meta property=\"article:modified_time\" content=\"2023-04-02T18:45:22+00:00\" \/>\n<meta property=\"og:image\" content=\"https:\/\/mongesteminceur.fr\/wp-content\/uploads\/2022\/10\/image_3.jpeg\" \/>\n<meta name=\"twitter:card\" content=\"summary_large_image\" \/>\n<meta name=\"twitter:label1\" content=\"Dur\u00e9e de lecture estim\u00e9e\" \/>\n\t<meta name=\"twitter:data1\" content=\"3 minutes\" \/>\n<script type=\"application\/ld+json\" class=\"yoast-schema-graph\">{\"@context\":\"https:\\\/\\\/schema.org\",\"@graph\":[{\"@type\":\"WebPage\",\"@id\":\"https:\\\/\\\/mongesteminceur.fr\\\/?page_id=22\",\"url\":\"https:\\\/\\\/mongesteminceur.fr\\\/?page_id=22\",\"name\":\"Acupression pour la perte de poids - Mongesteminceur\",\"isPartOf\":{\"@id\":\"https:\\\/\\\/mongesteminceur.fr\\\/#website\"},\"primaryImageOfPage\":{\"@id\":\"https:\\\/\\\/mongesteminceur.fr\\\/?page_id=22#primaryimage\"},\"image\":{\"@id\":\"https:\\\/\\\/mongesteminceur.fr\\\/?page_id=22#primaryimage\"},\"thumbnailUrl\":\"https:\\\/\\\/mongesteminceur.fr\\\/wp-content\\\/uploads\\\/2022\\\/10\\\/image_3.jpeg\",\"datePublished\":\"2022-10-29T13:28:36+00:00\",\"dateModified\":\"2023-04-02T18:45:22+00:00\",\"description\":\"Essayez l'acupression chez MongesteMinceur pour diminuer votre sensation de faim et favoriser la perte de poids. Lib\u00e9rez la leptine, l'hormone de la sati\u00e9t\u00e9, et stimulez la m\u00e9latonine pour am\u00e9liorer votre sommeil.\",\"breadcrumb\":{\"@id\":\"https:\\\/\\\/mongesteminceur.fr\\\/?page_id=22#breadcrumb\"},\"inLanguage\":\"fr-FR\",\"potentialAction\":[{\"@type\":\"ReadAction\",\"target\":[\"https:\\\/\\\/mongesteminceur.fr\\\/?page_id=22\"]}]},{\"@type\":\"ImageObject\",\"inLanguage\":\"fr-FR\",\"@id\":\"https:\\\/\\\/mongesteminceur.fr\\\/?page_id=22#primaryimage\",\"url\":\"https:\\\/\\\/i0.wp.com\\\/mongesteminceur.fr\\\/wp-content\\\/uploads\\\/2022\\\/10\\\/image_3.jpeg?fit=800%2C566&ssl=1\",\"contentUrl\":\"https:\\\/\\\/i0.wp.com\\\/mongesteminceur.fr\\\/wp-content\\\/uploads\\\/2022\\\/10\\\/image_3.jpeg?fit=800%2C566&ssl=1\",\"width\":800,\"height\":566,\"caption\":\"acupression\"},{\"@type\":\"BreadcrumbList\",\"@id\":\"https:\\\/\\\/mongesteminceur.fr\\\/?page_id=22#breadcrumb\",\"itemListElement\":[{\"@type\":\"ListItem\",\"position\":1,\"name\":\"Accueil\",\"item\":\"https:\\\/\\\/mongesteminceur.fr\\\/\"},{\"@type\":\"ListItem\",\"position\":2,\"name\":\"Prestations minceur\",\"item\":\"https:\\\/\\\/mongesteminceur.fr\\\/?page_id=103\"},{\"@type\":\"ListItem\",\"position\":3,\"name\":\"Acupression pour la perte de poids\"}]},{\"@type\":\"WebSite\",\"@id\":\"https:\\\/\\\/mongesteminceur.fr\\\/#website\",\"url\":\"https:\\\/\\\/mongesteminceur.fr\\\/\",\"name\":\"Mongesteminceur\",\"description\":\"You&#039;ll never Diet alone\",\"publisher\":{\"@id\":\"https:\\\/\\\/mongesteminceur.fr\\\/#organization\"},\"potentialAction\":[{\"@type\":\"SearchAction\",\"target\":{\"@type\":\"EntryPoint\",\"urlTemplate\":\"https:\\\/\\\/mongesteminceur.fr\\\/?s={search_term_string}\"},\"query-input\":{\"@type\":\"PropertyValueSpecification\",\"valueRequired\":true,\"valueName\":\"search_term_string\"}}],\"inLanguage\":\"fr-FR\"},{\"@type\":\"Organization\",\"@id\":\"https:\\\/\\\/mongesteminceur.fr\\\/#organization\",\"name\":\"Mongesteminceur\",\"url\":\"https:\\\/\\\/mongesteminceur.fr\\\/\",\"logo\":{\"@type\":\"ImageObject\",\"inLanguage\":\"fr-FR\",\"@id\":\"https:\\\/\\\/mongesteminceur.fr\\\/#\\\/schema\\\/logo\\\/image\\\/\",\"url\":\"https:\\\/\\\/i0.wp.com\\\/mongesteminceur.fr\\\/wp-content\\\/uploads\\\/2022\\\/10\\\/Logo-symbole-couleur-e1667052714792.png?fit=150%2C151&ssl=1\",\"contentUrl\":\"https:\\\/\\\/i0.wp.com\\\/mongesteminceur.fr\\\/wp-content\\\/uploads\\\/2022\\\/10\\\/Logo-symbole-couleur-e1667052714792.png?fit=150%2C151&ssl=1\",\"width\":150,\"height\":151,\"caption\":\"Mongesteminceur\"},\"image\":{\"@id\":\"https:\\\/\\\/mongesteminceur.fr\\\/#\\\/schema\\\/logo\\\/image\\\/\"}}]}<\/script>\n<!-- \/ Yoast SEO plugin. -->","yoast_head_json":{"title":"Acupression pour la perte de poids - Mongesteminceur","description":"Essayez l'acupression chez MongesteMinceur pour diminuer votre sensation de faim et favoriser la perte de poids. Lib\u00e9rez la leptine, l'hormone de la sati\u00e9t\u00e9, et stimulez la m\u00e9latonine pour am\u00e9liorer votre sommeil.","robots":{"index":"index","follow":"follow","max-snippet":"max-snippet:-1","max-image-preview":"max-image-preview:large","max-video-preview":"max-video-preview:-1"},"canonical":"https:\/\/mongesteminceur.fr\/?page_id=22","og_locale":"fr_FR","og_type":"article","og_title":"Acupression pour la perte de poids - Mongesteminceur","og_description":"Essayez l'acupression chez MongesteMinceur pour diminuer votre sensation de faim et favoriser la perte de poids. Lib\u00e9rez la leptine, l'hormone de la sati\u00e9t\u00e9, et stimulez la m\u00e9latonine pour am\u00e9liorer votre sommeil.","og_url":"https:\/\/mongesteminceur.fr\/?page_id=22","og_site_name":"Mongesteminceur","article_modified_time":"2023-04-02T18:45:22+00:00","og_image":[{"url":"https:\/\/mongesteminceur.fr\/wp-content\/uploads\/2022\/10\/image_3.jpeg","type":"","width":"","height":""}],"twitter_card":"summary_large_image","twitter_misc":{"Dur\u00e9e de lecture estim\u00e9e":"3 minutes"},"schema":{"@context":"https:\/\/schema.org","@graph":[{"@type":"WebPage","@id":"https:\/\/mongesteminceur.fr\/?page_id=22","url":"https:\/\/mongesteminceur.fr\/?page_id=22","name":"Acupression pour la perte de poids - Mongesteminceur","isPartOf":{"@id":"https:\/\/mongesteminceur.fr\/#website"},"primaryImageOfPage":{"@id":"https:\/\/mongesteminceur.fr\/?page_id=22#primaryimage"},"image":{"@id":"https:\/\/mongesteminceur.fr\/?page_id=22#primaryimage"},"thumbnailUrl":"https:\/\/mongesteminceur.fr\/wp-content\/uploads\/2022\/10\/image_3.jpeg","datePublished":"2022-10-29T13:28:36+00:00","dateModified":"2023-04-02T18:45:22+00:00","description":"Essayez l'acupression chez MongesteMinceur pour diminuer votre sensation de faim et favoriser la perte de poids. Lib\u00e9rez la leptine, l'hormone de la sati\u00e9t\u00e9, et stimulez la m\u00e9latonine pour am\u00e9liorer votre sommeil.","breadcrumb":{"@id":"https:\/\/mongesteminceur.fr\/?page_id=22#breadcrumb"},"inLanguage":"fr-FR","potentialAction":[{"@type":"ReadAction","target":["https:\/\/mongesteminceur.fr\/?page_id=22"]}]},{"@type":"ImageObject","inLanguage":"fr-FR","@id":"https:\/\/mongesteminceur.fr\/?page_id=22#primaryimage","url":"https:\/\/i0.wp.com\/mongesteminceur.fr\/wp-content\/uploads\/2022\/10\/image_3.jpeg?fit=800%2C566&ssl=1","contentUrl":"https:\/\/i0.wp.com\/mongesteminceur.fr\/wp-content\/uploads\/2022\/10\/image_3.jpeg?fit=800%2C566&ssl=1","width":800,"height":566,"caption":"acupression"},{"@type":"BreadcrumbList","@id":"https:\/\/mongesteminceur.fr\/?page_id=22#breadcrumb","itemListElement":[{"@type":"ListItem","position":1,"name":"Accueil","item":"https:\/\/mongesteminceur.fr\/"},{"@type":"ListItem","position":2,"name":"Prestations minceur","item":"https:\/\/mongesteminceur.fr\/?page_id=103"},{"@type":"ListItem","position":3,"name":"Acupression pour la perte de poids"}]},{"@type":"WebSite","@id":"https:\/\/mongesteminceur.fr\/#website","url":"https:\/\/mongesteminceur.fr\/","name":"Mongesteminceur","description":"You&#039;ll never Diet alone","publisher":{"@id":"https:\/\/mongesteminceur.fr\/#organization"},"potentialAction":[{"@type":"SearchAction","target":{"@type":"EntryPoint","urlTemplate":"https:\/\/mongesteminceur.fr\/?s={search_term_string}"},"query-input":{"@type":"PropertyValueSpecification","valueRequired":true,"valueName":"search_term_string"}}],"inLanguage":"fr-FR"},{"@type":"Organization","@id":"https:\/\/mongesteminceur.fr\/#organization","name":"Mongesteminceur","url":"https:\/\/mongesteminceur.fr\/","logo":{"@type":"ImageObject","inLanguage":"fr-FR","@id":"https:\/\/mongesteminceur.fr\/#\/schema\/logo\/image\/","url":"https:\/\/i0.wp.com\/mongesteminceur.fr\/wp-content\/uploads\/2022\/10\/Logo-symbole-couleur-e1667052714792.png?fit=150%2C151&ssl=1","contentUrl":"https:\/\/i0.wp.com\/mongesteminceur.fr\/wp-content\/uploads\/2022\/10\/Logo-symbole-couleur-e1667052714792.png?fit=150%2C151&ssl=1","width":150,"height":151,"caption":"Mongesteminceur"},"image":{"@id":"https:\/\/mongesteminceur.fr\/#\/schema\/logo\/image\/"}}]}},"jetpack_likes_enabled":true,"jetpack_sharing_enabled":true,"jetpack_shortlink":"https:\/\/wp.me\/PehDim-m","jetpack-related-posts":[{"id":103,"url":"https:\/\/mongesteminceur.fr\/?page_id=103","url_meta":{"origin":22,"position":0},"title":"Prestations minceur","author":"Mr. Benelfoul","date":"1 novembre 2022","format":false,"excerpt":"Acupression L'acupression est une m\u00e9thode naturelle, issue de la m\u00e9decine chinoise qui permet la perte de poids rapide tout en douceur. Elle se pratique par pression sur certains points du corps et va agir en coupe faim et activation des performances digestives ... D\u00e9couvrir Massage Lymphatique Le massage lymphatique est\u2026","rel":"","context":"Article similaire","block_context":{"text":"Article similaire","link":""},"img":{"alt_text":"acupression, drainage lymphatique, et accompagnement personnalis\u00e9","src":"https:\/\/i0.wp.com\/mongesteminceur.fr\/wp-content\/uploads\/2022\/11\/pexels-photo-1.jpg?fit=1200%2C798&ssl=1&resize=350%2C200","width":350,"height":200,"srcset":"https:\/\/i0.wp.com\/mongesteminceur.fr\/wp-content\/uploads\/2022\/11\/pexels-photo-1.jpg?fit=1200%2C798&ssl=1&resize=350%2C200 1x, https:\/\/i0.wp.com\/mongesteminceur.fr\/wp-content\/uploads\/2022\/11\/pexels-photo-1.jpg?fit=1200%2C798&ssl=1&resize=525%2C300 1.5x, https:\/\/i0.wp.com\/mongesteminceur.fr\/wp-content\/uploads\/2022\/11\/pexels-photo-1.jpg?fit=1200%2C798&ssl=1&resize=700%2C400 2x, https:\/\/i0.wp.com\/mongesteminceur.fr\/wp-content\/uploads\/2022\/11\/pexels-photo-1.jpg?fit=1200%2C798&ssl=1&resize=1050%2C600 3x"},"classes":[]},{"id":1000,"url":"https:\/\/mongesteminceur.fr\/?page_id=1000","url_meta":{"origin":22,"position":1},"title":"FORMATION PROFESSIONNELLE : M\u00e9thode Eric MOIREAU mongesteminceur 30 et 31 janvier 2025 et le 25 avril 2025","author":"Mr. Benelfoul","date":"6 f\u00e9vrier 2024","format":false,"excerpt":"Devenez un expert reconnu en techniques d'amincissement gr\u00e2ce \u00e0 la m\u00e9thode Mongesteminceur d'Eric Moireau, qui a d\u00e9j\u00e0 conquis des centaines de clients. Si vous cherchez \u00e0 augmenter votre chiffre d'affaires et \u00e0 \u00e9largir vos comp\u00e9tences dans les domaines de l'amincissement et du bien-\u00eatre, cette formation est pour vous. Apprenez \u00e0\u2026","rel":"","context":"Article similaire","block_context":{"text":"Article similaire","link":""},"img":{"alt_text":"","src":"https:\/\/i0.wp.com\/mongesteminceur.fr\/wp-content\/uploads\/2024\/01\/Picture-11.png?resize=350%2C200&ssl=1","width":350,"height":200},"classes":[]},{"id":136,"url":"https:\/\/mongesteminceur.fr\/?page_id=136","url_meta":{"origin":22,"position":2},"title":"Accompagnement pour une perte de poids durable","author":"Mr. Benelfoul","date":"1 novembre 2022","format":false,"excerpt":"Chez MonGesteMinceur, nous sommes convaincus que pour atteindre une perte de poids durable, il est essentiel de travailler non seulement sur les aspects physiques, mais \u00e9galement sur les aspects \u00e9motionnels et comportementaux li\u00e9s \u00e0 l'alimentation et \u00e0 la gestion du poids. C'est pourquoi je vous propose un accompagnement personnalis\u00e9 et\u2026","rel":"","context":"Article similaire","block_context":{"text":"Article similaire","link":""},"img":{"alt_text":"","src":"","width":0,"height":0},"classes":[]},{"id":11,"url":"https:\/\/mongesteminceur.fr\/?page_id=11","url_meta":{"origin":22,"position":3},"title":"Drainage Lymphatique: Optimisez votre circulation lymphatique","author":"Mr. Benelfoul","date":"29 octobre 2022","format":false,"excerpt":"S\u2019il y a un bien un massage en vogue ces derni\u00e8res ann\u00e9es, c\u2019est le drainage lymphatique. QU\u2019EST-CE QUE LE MASSAGE LYMPHATIQUE\u00a0?\u00a0 Avant de rentrer dans l\u2019exp\u00e9rience, rappelons que le drainage lymphatique est un massage qui vise \u00e0 stimuler la circulation de la lymphe, un liquide incolore circulant dans l\u2019ensemble de\u2026","rel":"","context":"Article similaire","block_context":{"text":"Article similaire","link":""},"img":{"alt_text":"","src":"https:\/\/i0.wp.com\/mongesteminceur.fr\/wp-content\/uploads\/2022\/10\/image_1.jpeg?resize=350%2C200&ssl=1","width":350,"height":200,"srcset":"https:\/\/i0.wp.com\/mongesteminceur.fr\/wp-content\/uploads\/2022\/10\/image_1.jpeg?resize=350%2C200&ssl=1 1x, https:\/\/i0.wp.com\/mongesteminceur.fr\/wp-content\/uploads\/2022\/10\/image_1.jpeg?resize=525%2C300&ssl=1 1.5x, https:\/\/i0.wp.com\/mongesteminceur.fr\/wp-content\/uploads\/2022\/10\/image_1.jpeg?resize=700%2C400&ssl=1 2x"},"classes":[]},{"id":25,"url":"https:\/\/mongesteminceur.fr\/?page_id=25","url_meta":{"origin":22,"position":4},"title":"A propos d&rsquo;Eric Moireau","author":"Mr. Benelfoul","date":"29 octobre 2022","format":false,"excerpt":"Eric Moireau, votre coach minceur personnalis\u00e9 votre coach minceur et bien-\u00eatre. Je suis Eric Moireau, coach minceur et bien-\u00eatre, passionn\u00e9 par la nutrition et la m\u00e9decine naturelle depuis de nombreuses ann\u00e9es. J'ai d\u00e9cid\u00e9 de me sp\u00e9cialiser dans l'acupression , la di\u00e9t\u00e9tique et le drainage lymphatique afin d'accompagner mes client(e)s dans\u2026","rel":"","context":"Article similaire","block_context":{"text":"Article similaire","link":""},"img":{"alt_text":"a propos","src":"https:\/\/i0.wp.com\/mongesteminceur.fr\/wp-content\/uploads\/2022\/10\/pexels-photo-320007.jpeg?fit=1200%2C799&ssl=1&resize=350%2C200","width":350,"height":200,"srcset":"https:\/\/i0.wp.com\/mongesteminceur.fr\/wp-content\/uploads\/2022\/10\/pexels-photo-320007.jpeg?fit=1200%2C799&ssl=1&resize=350%2C200 1x, https:\/\/i0.wp.com\/mongesteminceur.fr\/wp-content\/uploads\/2022\/10\/pexels-photo-320007.jpeg?fit=1200%2C799&ssl=1&resize=525%2C300 1.5x, https:\/\/i0.wp.com\/mongesteminceur.fr\/wp-content\/uploads\/2022\/10\/pexels-photo-320007.jpeg?fit=1200%2C799&ssl=1&resize=700%2C400 2x, https:\/\/i0.wp.com\/mongesteminceur.fr\/wp-content\/uploads\/2022\/10\/pexels-photo-320007.jpeg?fit=1200%2C799&ssl=1&resize=1050%2C600 3x"},"classes":[]},{"id":23,"url":"https:\/\/mongesteminceur.fr\/?page_id=23","url_meta":{"origin":22,"position":5},"title":"R\u00e9\u00e9quilibrage Alimentaire","author":"Mr. Benelfoul","date":"29 octobre 2022","format":false,"excerpt":"Le r\u00e9\u00e9quilibrage alimentaire c'est manger sainement, mieux, sans contraintes cependant, et surtout c'est comprendre les r\u00e8gles fondamentales de la di\u00e9t\u00e9tique pour vous rendre autonome dans votre quotidien. Il n'est pas n\u00e9cessaire de se priver pour perdre du poids. Qu'est ce que la lipolyse ? L'alimentation est un facteur d\u00e9terminant pour\u2026","rel":"","context":"Article similaire","block_context":{"text":"Article similaire","link":""},"img":{"alt_text":"R\u00e9\u00e9quilibrage Alimentaire","src":"https:\/\/i0.wp.com\/mongesteminceur.fr\/wp-content\/uploads\/2022\/10\/pexels-photo-1099680.jpeg?fit=1200%2C800&ssl=1&resize=350%2C200","width":350,"height":200,"srcset":"https:\/\/i0.wp.com\/mongesteminceur.fr\/wp-content\/uploads\/2022\/10\/pexels-photo-1099680.jpeg?fit=1200%2C800&ssl=1&resize=350%2C200 1x, https:\/\/i0.wp.com\/mongesteminceur.fr\/wp-content\/uploads\/2022\/10\/pexels-photo-1099680.jpeg?fit=1200%2C800&ssl=1&resize=525%2C300 1.5x, https:\/\/i0.wp.com\/mongesteminceur.fr\/wp-content\/uploads\/2022\/10\/pexels-photo-1099680.jpeg?fit=1200%2C800&ssl=1&resize=700%2C400 2x, https:\/\/i0.wp.com\/mongesteminceur.fr\/wp-content\/uploads\/2022\/10\/pexels-photo-1099680.jpeg?fit=1200%2C800&ssl=1&resize=1050%2C600 3x"},"classes":[]}],"_links":{"self":[{"href":"https:\/\/mongesteminceur.fr\/index.php?rest_route=\/wp\/v2\/pages\/22","targetHints":{"allow":["GET"]}}],"collection":[{"href":"https:\/\/mongesteminceur.fr\/index.php?rest_route=\/wp\/v2\/pages"}],"about":[{"href":"https:\/\/mongesteminceur.fr\/index.php?rest_route=\/wp\/v2\/types\/page"}],"author":[{"embeddable":true,"href":"https:\/\/mongesteminceur.fr\/index.php?rest_route=\/wp\/v2\/users\/226630613"}],"replies":[{"embeddable":true,"href":"https:\/\/mongesteminceur.fr\/index.php?rest_route=%2Fwp%2Fv2%2Fcomments&post=22"}],"version-history":[{"count":50,"href":"https:\/\/mongesteminceur.fr\/index.php?rest_route=\/wp\/v2\/pages\/22\/revisions"}],"predecessor-version":[{"id":607,"href":"https:\/\/mongesteminceur.fr\/index.php?rest_route=\/wp\/v2\/pages\/22\/revisions\/607"}],"up":[{"embeddable":true,"href":"https:\/\/mongesteminceur.fr\/index.php?rest_route=\/wp\/v2\/pages\/103"}],"wp:attachment":[{"href":"https:\/\/mongesteminceur.fr\/index.php?rest_route=%2Fwp%2Fv2%2Fmedia&parent=22"}],"curies":[{"name":"wp","href":"https:\/\/api.w.org\/{rel}","templated":true}]}}